{"id":14202,"date":"2025-08-27T19:31:36","date_gmt":"2025-08-27T17:31:36","guid":{"rendered":"https:\/\/sacromontegranada.com\/?page_id=14202"},"modified":"2025-08-27T19:46:11","modified_gmt":"2025-08-27T17:46:11","slug":"help-me-please-2025","status":"publish","type":"page","link":"https:\/\/sacromontegranada.com\/en\/help-me-please-2025\/","title":{"rendered":"Help me please 2025"},"content":{"rendered":"<div data-elementor-type=\"wp-page\" data-elementor-id=\"14202\" class=\"elementor elementor-14202\" data-elementor-post-type=\"page\">\n\t\t\t\t\t\t<section class=\"elementor-section elementor-top-section elementor-element elementor-element-045d444 elementor-section-boxed elementor-section-height-default elementor-section-height-default\" data-id=\"045d444\" data-element_type=\"section\" data-e-type=\"section\">\n\t\t\t\t\t\t<div class=\"elementor-container elementor-column-gap-extended\">\n\t\t\t\t\t<div class=\"elementor-column elementor-col-100 elementor-top-column elementor-element elementor-element-21956f7 sc_inner_width_none sc_content_align_inherit sc_layouts_column_icons_position_left\" data-id=\"21956f7\" data-element_type=\"column\" data-e-type=\"column\">\n\t\t\t<div class=\"elementor-widget-wrap elementor-element-populated\">\n\t\t\t\t\t\t<div class=\"elementor-element elementor-element-6b16b09 sc_height_medium animation_type_block sc_fly_static elementor-widget elementor-widget-spacer\" data-id=\"6b16b09\" data-element_type=\"widget\" data-e-type=\"widget\" data-widget_type=\"spacer.default\">\n\t\t\t\t<div class=\"elementor-widget-container\">\n\t\t\t\t\t\t\t<div class=\"elementor-spacer\">\n\t\t\t<div class=\"elementor-spacer-inner\"><\/div>\n\t\t<\/div>\n\t\t\t\t\t\t<\/div>\n\t\t\t\t<\/div>\n\t\t\t\t<div class=\"elementor-element elementor-element-0da8f48 animation_type_block sc_fly_static elementor-widget elementor-widget-heading\" data-id=\"0da8f48\" data-element_type=\"widget\" data-e-type=\"widget\" data-widget_type=\"heading.default\">\n\t\t\t\t<div class=\"elementor-widget-container\">\n\t\t\t\t\t<h2 class=\"elementor-heading-title elementor-size-default\">VIII edici\u00f3n del Festival HelpMePlease<\/h2>\t\t\t\t<\/div>\n\t\t\t\t<\/div>\n\t\t\t\t<div class=\"elementor-element elementor-element-c4233d4 sc_height_medium animation_type_block sc_fly_static elementor-widget elementor-widget-spacer\" data-id=\"c4233d4\" data-element_type=\"widget\" data-e-type=\"widget\" data-widget_type=\"spacer.default\">\n\t\t\t\t<div class=\"elementor-widget-container\">\n\t\t\t\t\t\t\t<div class=\"elementor-spacer\">\n\t\t\t<div class=\"elementor-spacer-inner\"><\/div>\n\t\t<\/div>\n\t\t\t\t\t\t<\/div>\n\t\t\t\t<\/div>\n\t\t\t\t\t<\/div>\n\t\t<\/div>\n\t\t\t\t\t<\/div>\n\t\t<\/section>\n\t\t\t\t<section class=\"elementor-section elementor-top-section elementor-element elementor-element-6a786f8 elementor-section-boxed elementor-section-height-default elementor-section-height-default\" data-id=\"6a786f8\" data-element_type=\"section\" data-e-type=\"section\">\n\t\t\t\t\t\t<div class=\"elementor-container elementor-column-gap-extended\">\n\t\t\t\t\t<div class=\"elementor-column elementor-col-100 elementor-top-column elementor-element elementor-element-89e1611 sc_inner_width_none sc_content_align_inherit sc_layouts_column_icons_position_left\" data-id=\"89e1611\" data-element_type=\"column\" data-e-type=\"column\">\n\t\t\t<div class=\"elementor-widget-wrap elementor-element-populated\">\n\t\t\t\t\t\t<section class=\"elementor-section elementor-inner-section elementor-element elementor-element-5f3a857 elementor-section-boxed elementor-section-height-default elementor-section-height-default\" data-id=\"5f3a857\" data-element_type=\"section\" data-e-type=\"section\">\n\t\t\t\t\t\t<div class=\"elementor-container elementor-column-gap-extended\">\n\t\t\t\t\t<div class=\"elementor-column elementor-col-50 elementor-inner-column elementor-element elementor-element-fdf6ae5 sc_inner_width_none sc_content_align_inherit sc_layouts_column_icons_position_left\" data-id=\"fdf6ae5\" data-element_type=\"column\" data-e-type=\"column\">\n\t\t\t<div class=\"elementor-widget-wrap elementor-element-populated\">\n\t\t\t\t\t\t<div class=\"elementor-element elementor-element-10b7696 sc_height_tiny animation_type_block sc_fly_static elementor-widget elementor-widget-spacer\" data-id=\"10b7696\" data-element_type=\"widget\" data-e-type=\"widget\" data-widget_type=\"spacer.default\">\n\t\t\t\t<div class=\"elementor-widget-container\">\n\t\t\t\t\t\t\t<div class=\"elementor-spacer\">\n\t\t\t<div class=\"elementor-spacer-inner\"><\/div>\n\t\t<\/div>\n\t\t\t\t\t\t<\/div>\n\t\t\t\t<\/div>\n\t\t\t\t<div class=\"elementor-element elementor-element-53cf8b7 elementor-widget__width-auto animation_type_block sc_fly_static elementor-widget elementor-widget-image\" data-id=\"53cf8b7\" data-element_type=\"widget\" data-e-type=\"widget\" data-widget_type=\"image.default\">\n\t\t\t\t<div class=\"elementor-widget-container\">\n\t\t\t\t\t\t\t\t\t\t\t\t\t\t\t<img fetchpriority=\"high\" decoding=\"async\" width=\"370\" height=\"543\" src=\"https:\/\/sacromontegranada.com\/wp-content\/uploads\/2025\/08\/Cine-social-copy-1-370x543.jpg\" class=\"attachment-ozeum-thumb-masonry size-ozeum-thumb-masonry wp-image-14198\" alt=\"\" srcset=\"https:\/\/sacromontegranada.com\/wp-content\/uploads\/2025\/08\/Cine-social-copy-1-370x543.jpg 370w, https:\/\/sacromontegranada.com\/wp-content\/uploads\/2025\/08\/Cine-social-copy-1-204x300.jpg 204w, https:\/\/sacromontegranada.com\/wp-content\/uploads\/2025\/08\/Cine-social-copy-1-698x1024.jpg 698w, https:\/\/sacromontegranada.com\/wp-content\/uploads\/2025\/08\/Cine-social-copy-1-768x1127.jpg 768w, https:\/\/sacromontegranada.com\/wp-content\/uploads\/2025\/08\/Cine-social-copy-1-1046x1536.jpg 1046w, https:\/\/sacromontegranada.com\/wp-content\/uploads\/2025\/08\/Cine-social-copy-1-1395x2048.jpg 1395w, https:\/\/sacromontegranada.com\/wp-content\/uploads\/2025\/08\/Cine-social-copy-1-8x12.jpg 8w, https:\/\/sacromontegranada.com\/wp-content\/uploads\/2025\/08\/Cine-social-copy-1-770x1130.jpg 770w, https:\/\/sacromontegranada.com\/wp-content\/uploads\/2025\/08\/Cine-social-copy-1-scaled.jpg 1744w\" sizes=\"(max-width: 370px) 100vw, 370px\" \/>\t\t\t\t\t\t\t\t\t\t\t\t\t\t\t<\/div>\n\t\t\t\t<\/div>\n\t\t\t\t\t<\/div>\n\t\t<\/div>\n\t\t\t\t<div class=\"elementor-column elementor-col-50 elementor-inner-column elementor-element elementor-element-ffef377 sc_inner_width_none sc_content_align_inherit sc_layouts_column_icons_position_left\" data-id=\"ffef377\" data-element_type=\"column\" data-e-type=\"column\">\n\t\t\t<div class=\"elementor-widget-wrap elementor-element-populated\">\n\t\t\t\t\t\t<div class=\"elementor-element elementor-element-a84d480 sc_height_tiny animation_type_block sc_fly_static elementor-widget elementor-widget-spacer\" data-id=\"a84d480\" data-element_type=\"widget\" data-e-type=\"widget\" data-widget_type=\"spacer.default\">\n\t\t\t\t<div class=\"elementor-widget-container\">\n\t\t\t\t\t\t\t<div class=\"elementor-spacer\">\n\t\t\t<div class=\"elementor-spacer-inner\"><\/div>\n\t\t<\/div>\n\t\t\t\t\t\t<\/div>\n\t\t\t\t<\/div>\n\t\t\t\t<div class=\"elementor-element elementor-element-be6689d animation_type_block sc_fly_static elementor-widget elementor-widget-heading\" data-id=\"be6689d\" data-element_type=\"widget\" data-e-type=\"widget\" data-widget_type=\"heading.default\">\n\t\t\t\t<div class=\"elementor-widget-container\">\n\t\t\t\t\t<h4 class=\"elementor-heading-title elementor-size-default\">Jueves 4 de septiembre 2025 21:30h<\/h4>\t\t\t\t<\/div>\n\t\t\t\t<\/div>\n\t\t\t\t<div class=\"elementor-element elementor-element-6350dce sc_height_tiny animation_type_block sc_fly_static elementor-widget elementor-widget-spacer\" data-id=\"6350dce\" data-element_type=\"widget\" data-e-type=\"widget\" data-widget_type=\"spacer.default\">\n\t\t\t\t<div class=\"elementor-widget-container\">\n\t\t\t\t\t\t\t<div class=\"elementor-spacer\">\n\t\t\t<div class=\"elementor-spacer-inner\"><\/div>\n\t\t<\/div>\n\t\t\t\t\t\t<\/div>\n\t\t\t\t<\/div>\n\t\t\t\t<div class=\"elementor-element elementor-element-3143c5d animation_type_block sc_fly_static elementor-widget elementor-widget-heading\" data-id=\"3143c5d\" data-element_type=\"widget\" data-e-type=\"widget\" data-widget_type=\"heading.default\">\n\t\t\t\t<div class=\"elementor-widget-container\">\n\t\t\t\t\t<h1 class=\"elementor-heading-title elementor-size-default\">No other land<\/h1>\t\t\t\t<\/div>\n\t\t\t\t<\/div>\n\t\t\t\t<div class=\"elementor-element elementor-element-da12ad1 sc_height_small animation_type_block sc_fly_static elementor-widget elementor-widget-spacer\" data-id=\"da12ad1\" data-element_type=\"widget\" data-e-type=\"widget\" data-widget_type=\"spacer.default\">\n\t\t\t\t<div class=\"elementor-widget-container\">\n\t\t\t\t\t\t\t<div class=\"elementor-spacer\">\n\t\t\t<div class=\"elementor-spacer-inner\"><\/div>\n\t\t<\/div>\n\t\t\t\t\t\t<\/div>\n\t\t\t\t<\/div>\n\t\t\t\t<div class=\"elementor-element elementor-element-efbd7e0 animation_type_block sc_fly_static elementor-widget elementor-widget-text-editor\" data-id=\"efbd7e0\" data-element_type=\"widget\" data-e-type=\"widget\" data-widget_type=\"text-editor.default\">\n\t\t\t\t<div class=\"elementor-widget-container\">\n\t\t\t\t\t\t\t\t\t<p dir=\"ltr\">Arranca la VIII edici\u00f3n del Festival HelpMePlease \u201cSemillas de esperanza en tiempos de Guerra- Gaza\u201d <strong>con la exhibici\u00f3n de la pel\u00edcula documental No Other Land<\/strong>, galardonada con un Oscar, y que muestra la resistencia del pueblo palestino ante la ocupaci\u00f3n israel\u00ed.<\/p><p dir=\"ltr\">La recaudaci\u00f3n se destinar\u00e1 a proporcionar Kits b\u00e1sicos de ayuda y Espacios seguros para mujeres y ni\u00f1as supervivientes en campamentos de Gaza y Khan Yunis, proyecto de la ONG Alianza por la Solidaridad.<\/p><p dir=\"ltr\">Fecha: jueves 4 de septiembre 2025<\/p><p dir=\"ltr\">Hora: 21.30<\/p><p dir=\"ltr\">Lugar: Museo Cuevas del Sacromonte<\/p><p dir=\"ltr\">Acceso: C\/ Verea de Enmedio, 18010, Granada<\/p><p dir=\"ltr\">Entrada: 6\u20ac<\/p>\t\t\t\t\t\t\t\t<\/div>\n\t\t\t\t<\/div>\n\t\t\t\t<div class=\"elementor-element elementor-element-a9a7653 sc_height_small animation_type_block sc_fly_static elementor-widget elementor-widget-spacer\" data-id=\"a9a7653\" data-element_type=\"widget\" data-e-type=\"widget\" data-widget_type=\"spacer.default\">\n\t\t\t\t<div class=\"elementor-widget-container\">\n\t\t\t\t\t\t\t<div class=\"elementor-spacer\">\n\t\t\t<div class=\"elementor-spacer-inner\"><\/div>\n\t\t<\/div>\n\t\t\t\t\t\t<\/div>\n\t\t\t\t<\/div>\n\t\t\t\t<div class=\"elementor-element elementor-element-00311e8 elementor-button-success elementor-mobile-align-center elementor-align-center animation_type_block sc_gradient_animation_none sc_fly_static elementor-widget elementor-widget-button\" data-id=\"00311e8\" data-element_type=\"widget\" data-e-type=\"widget\" data-widget_type=\"button.default\">\n\t\t\t\t<div class=\"elementor-widget-container\">\n\t\t\t\t\t\t\t\t\t<div class=\"elementor-button-wrapper\">\n\t\t\t\t\t<a class=\"elementor-button elementor-button-link elementor-size-md\" href=\"https:\/\/entradas.yuzin.com\/es\/events\/helpmeplease-2025-cine-social-no-other-land\" target=\"_blank\">\n\t\t\t\t\t\t<span class=\"elementor-button-content-wrapper\">\n\t\t\t\t\t\t<span class=\"elementor-button-icon\">\n\t\t\t\t<i aria-hidden=\"true\" class=\"fas fa-glasses\"><\/i>\t\t\t<\/span>\n\t\t\t\t\t\t\t\t\t<span class=\"elementor-button-text\">ENTRADAS<\/span>\n\t\t\t\t\t<\/span>\n\t\t\t\t\t<\/a>\n\t\t\t\t<\/div>\n\t\t\t\t\t\t\t\t<\/div>\n\t\t\t\t<\/div>\n\t\t\t\t<div class=\"elementor-element elementor-element-3ef5192 sc_height_tiny animation_type_block sc_fly_static elementor-widget elementor-widget-spacer\" data-id=\"3ef5192\" data-element_type=\"widget\" data-e-type=\"widget\" data-widget_type=\"spacer.default\">\n\t\t\t\t<div class=\"elementor-widget-container\">\n\t\t\t\t\t\t\t<div class=\"elementor-spacer\">\n\t\t\t<div class=\"elementor-spacer-inner\"><\/div>\n\t\t<\/div>\n\t\t\t\t\t\t<\/div>\n\t\t\t\t<\/div>\n\t\t\t\t\t<\/div>\n\t\t<\/div>\n\t\t\t\t\t<\/div>\n\t\t<\/section>\n\t\t\t\t<div class=\"elementor-element elementor-element-f5618f0 sc_height_small animation_type_block sc_fly_static elementor-widget elementor-widget-spacer\" data-id=\"f5618f0\" data-element_type=\"widget\" data-e-type=\"widget\" data-widget_type=\"spacer.default\">\n\t\t\t\t<div class=\"elementor-widget-container\">\n\t\t\t\t\t\t\t<div class=\"elementor-spacer\">\n\t\t\t<div class=\"elementor-spacer-inner\"><\/div>\n\t\t<\/div>\n\t\t\t\t\t\t<\/div>\n\t\t\t\t<\/div>\n\t\t\t\t<div class=\"elementor-element elementor-element-6694eaf elementor-widget-divider--view-line_icon elementor-view-default elementor-widget-divider--element-align-center animation_type_block sc_fly_static elementor-widget elementor-widget-divider\" data-id=\"6694eaf\" data-element_type=\"widget\" data-e-type=\"widget\" data-widget_type=\"divider.default\">\n\t\t\t\t<div class=\"elementor-widget-container\">\n\t\t\t\t\t\t\t<div class=\"elementor-divider\">\n\t\t\t<span class=\"elementor-divider-separator\">\n\t\t\t\t\t\t\t<div class=\"elementor-icon elementor-divider__element\">\n\t\t\t\t\t<i aria-hidden=\"true\" class=\"fas fa-film\"><\/i><\/div>\n\t\t\t\t\t\t<\/span>\n\t\t<\/div>\n\t\t\t\t\t\t<\/div>\n\t\t\t\t<\/div>\n\t\t\t\t\t<\/div>\n\t\t<\/div>\n\t\t\t\t\t<\/div>\n\t\t<\/section>\n\t\t\t\t<\/div>","protected":false},"excerpt":{"rendered":"<p>VIII edici\u00f3n del Festival HelpMePlease Jueves 4 de septiembre 2025 21:30h No other land Arranca la VIII edici\u00f3n del Festival HelpMePlease \u201cSemillas de esperanza en tiempos de Guerra- Gaza\u201d con la exhibici\u00f3n de la pel\u00edcula documental No Other Land, galardonada con un Oscar, y que&hellip;<\/p>","protected":false},"author":2,"featured_media":0,"parent":0,"menu_order":0,"comment_status":"closed","ping_status":"closed","template":"","meta":{"footnotes":""},"class_list":["post-14202","page","type-page","status-publish","hentry"],"yoast_head":"<!-- This site is optimized with the Yoast SEO plugin v27.3 - https:\/\/yoast.com\/product\/yoast-seo-wordpress\/ -->\n<title>Help me please 2025 - MCS<\/title>\n<meta name=\"robots\" content=\"index, follow, max-snippet:-1, max-image-preview:large, max-video-preview:-1\" \/>\n<link rel=\"canonical\" href=\"https:\/\/sacromontegranada.com\/en\/help-me-please-2025\/\" \/>\n<meta property=\"og:locale\" content=\"en_GB\" \/>\n<meta property=\"og:type\" content=\"article\" \/>\n<meta property=\"og:title\" content=\"Help me please 2025 - MCS\" \/>\n<meta property=\"og:description\" content=\"VIII edici\u00f3n del Festival HelpMePlease Jueves 4 de septiembre 2025 21:30h No other land Arranca la VIII edici\u00f3n del Festival HelpMePlease \u201cSemillas de esperanza en tiempos de Guerra- Gaza\u201d con la exhibici\u00f3n de la pel\u00edcula documental No Other Land, galardonada con un Oscar, y que&hellip;\" \/>\n<meta property=\"og:url\" content=\"https:\/\/sacromontegranada.com\/en\/help-me-please-2025\/\" \/>\n<meta property=\"og:site_name\" content=\"MCS\" \/>\n<meta property=\"article:publisher\" content=\"https:\/\/www.facebook.com\/museocuevas.sacromonte\" \/>\n<meta property=\"article:modified_time\" content=\"2025-08-27T17:46:11+00:00\" \/>\n<meta property=\"og:image\" content=\"https:\/\/sacromontegranada.com\/wp-content\/uploads\/2025\/08\/Cine-social-copy-1-370x543.jpg\" \/>\n<meta name=\"twitter:card\" content=\"summary_large_image\" \/>\n<meta name=\"twitter:site\" content=\"@museosacromonte\" \/>\n<meta name=\"twitter:label1\" content=\"Estimated reading time\" \/>\n\t<meta name=\"twitter:data1\" content=\"1 minute\" \/>\n<script type=\"application\/ld+json\" class=\"yoast-schema-graph\">{\"@context\":\"https:\\\/\\\/schema.org\",\"@graph\":[{\"@type\":\"WebPage\",\"@id\":\"https:\\\/\\\/sacromontegranada.com\\\/help-me-please-2025\\\/\",\"url\":\"https:\\\/\\\/sacromontegranada.com\\\/help-me-please-2025\\\/\",\"name\":\"Help me please 2025 - MCS\",\"isPartOf\":{\"@id\":\"https:\\\/\\\/sacromontegranada.com\\\/#website\"},\"primaryImageOfPage\":{\"@id\":\"https:\\\/\\\/sacromontegranada.com\\\/help-me-please-2025\\\/#primaryimage\"},\"image\":{\"@id\":\"https:\\\/\\\/sacromontegranada.com\\\/help-me-please-2025\\\/#primaryimage\"},\"thumbnailUrl\":\"https:\\\/\\\/sacromontegranada.com\\\/wp-content\\\/uploads\\\/2025\\\/08\\\/Cine-social-copy-1-370x543.jpg\",\"datePublished\":\"2025-08-27T17:31:36+00:00\",\"dateModified\":\"2025-08-27T17:46:11+00:00\",\"breadcrumb\":{\"@id\":\"https:\\\/\\\/sacromontegranada.com\\\/help-me-please-2025\\\/#breadcrumb\"},\"inLanguage\":\"en-GB\",\"potentialAction\":[{\"@type\":\"ReadAction\",\"target\":[\"https:\\\/\\\/sacromontegranada.com\\\/help-me-please-2025\\\/\"]}]},{\"@type\":\"ImageObject\",\"inLanguage\":\"en-GB\",\"@id\":\"https:\\\/\\\/sacromontegranada.com\\\/help-me-please-2025\\\/#primaryimage\",\"url\":\"https:\\\/\\\/sacromontegranada.com\\\/wp-content\\\/uploads\\\/2025\\\/08\\\/Cine-social-copy-1-370x543.jpg\",\"contentUrl\":\"https:\\\/\\\/sacromontegranada.com\\\/wp-content\\\/uploads\\\/2025\\\/08\\\/Cine-social-copy-1-370x543.jpg\"},{\"@type\":\"BreadcrumbList\",\"@id\":\"https:\\\/\\\/sacromontegranada.com\\\/help-me-please-2025\\\/#breadcrumb\",\"itemListElement\":[{\"@type\":\"ListItem\",\"position\":1,\"name\":\"Portada\",\"item\":\"https:\\\/\\\/sacromontegranada.com\\\/\"},{\"@type\":\"ListItem\",\"position\":2,\"name\":\"Help me please 2025\"}]},{\"@type\":\"WebSite\",\"@id\":\"https:\\\/\\\/sacromontegranada.com\\\/#website\",\"url\":\"https:\\\/\\\/sacromontegranada.com\\\/\",\"name\":\"Museo Cuevas del Sacromonte\",\"description\":\"Museo Cuevas del Sacromonte\",\"publisher\":{\"@id\":\"https:\\\/\\\/sacromontegranada.com\\\/#organization\"},\"potentialAction\":[{\"@type\":\"SearchAction\",\"target\":{\"@type\":\"EntryPoint\",\"urlTemplate\":\"https:\\\/\\\/sacromontegranada.com\\\/?s={search_term_string}\"},\"query-input\":{\"@type\":\"PropertyValueSpecification\",\"valueRequired\":true,\"valueName\":\"search_term_string\"}}],\"inLanguage\":\"en-GB\"},{\"@type\":\"Organization\",\"@id\":\"https:\\\/\\\/sacromontegranada.com\\\/#organization\",\"name\":\"Museo Cuevas del Sacromonte\",\"url\":\"https:\\\/\\\/sacromontegranada.com\\\/\",\"logo\":{\"@type\":\"ImageObject\",\"inLanguage\":\"en-GB\",\"@id\":\"https:\\\/\\\/sacromontegranada.com\\\/#\\\/schema\\\/logo\\\/image\\\/\",\"url\":\"https:\\\/\\\/sacromontegranada.com\\\/wp-content\\\/uploads\\\/2022\\\/10\\\/logo-mcs.png\",\"contentUrl\":\"https:\\\/\\\/sacromontegranada.com\\\/wp-content\\\/uploads\\\/2022\\\/10\\\/logo-mcs.png\",\"width\":601,\"height\":159,\"caption\":\"Museo Cuevas del Sacromonte\"},\"image\":{\"@id\":\"https:\\\/\\\/sacromontegranada.com\\\/#\\\/schema\\\/logo\\\/image\\\/\"},\"sameAs\":[\"https:\\\/\\\/www.facebook.com\\\/museocuevas.sacromonte\",\"https:\\\/\\\/x.com\\\/museosacromonte\"]}]}<\/script>\n<!-- \/ Yoast SEO plugin. -->","yoast_head_json":{"title":"Help me please 2025 - MCS","robots":{"index":"index","follow":"follow","max-snippet":"max-snippet:-1","max-image-preview":"max-image-preview:large","max-video-preview":"max-video-preview:-1"},"canonical":"https:\/\/sacromontegranada.com\/en\/help-me-please-2025\/","og_locale":"en_GB","og_type":"article","og_title":"Help me please 2025 - MCS","og_description":"VIII edici\u00f3n del Festival HelpMePlease Jueves 4 de septiembre 2025 21:30h No other land Arranca la VIII edici\u00f3n del Festival HelpMePlease \u201cSemillas de esperanza en tiempos de Guerra- Gaza\u201d con la exhibici\u00f3n de la pel\u00edcula documental No Other Land, galardonada con un Oscar, y que&hellip;","og_url":"https:\/\/sacromontegranada.com\/en\/help-me-please-2025\/","og_site_name":"MCS","article_publisher":"https:\/\/www.facebook.com\/museocuevas.sacromonte","article_modified_time":"2025-08-27T17:46:11+00:00","og_image":[{"url":"https:\/\/sacromontegranada.com\/wp-content\/uploads\/2025\/08\/Cine-social-copy-1-370x543.jpg","type":"","width":"","height":""}],"twitter_card":"summary_large_image","twitter_site":"@museosacromonte","twitter_misc":{"Estimated reading time":"1 minute"},"schema":{"@context":"https:\/\/schema.org","@graph":[{"@type":"WebPage","@id":"https:\/\/sacromontegranada.com\/help-me-please-2025\/","url":"https:\/\/sacromontegranada.com\/help-me-please-2025\/","name":"Help me please 2025 - MCS","isPartOf":{"@id":"https:\/\/sacromontegranada.com\/#website"},"primaryImageOfPage":{"@id":"https:\/\/sacromontegranada.com\/help-me-please-2025\/#primaryimage"},"image":{"@id":"https:\/\/sacromontegranada.com\/help-me-please-2025\/#primaryimage"},"thumbnailUrl":"https:\/\/sacromontegranada.com\/wp-content\/uploads\/2025\/08\/Cine-social-copy-1-370x543.jpg","datePublished":"2025-08-27T17:31:36+00:00","dateModified":"2025-08-27T17:46:11+00:00","breadcrumb":{"@id":"https:\/\/sacromontegranada.com\/help-me-please-2025\/#breadcrumb"},"inLanguage":"en-GB","potentialAction":[{"@type":"ReadAction","target":["https:\/\/sacromontegranada.com\/help-me-please-2025\/"]}]},{"@type":"ImageObject","inLanguage":"en-GB","@id":"https:\/\/sacromontegranada.com\/help-me-please-2025\/#primaryimage","url":"https:\/\/sacromontegranada.com\/wp-content\/uploads\/2025\/08\/Cine-social-copy-1-370x543.jpg","contentUrl":"https:\/\/sacromontegranada.com\/wp-content\/uploads\/2025\/08\/Cine-social-copy-1-370x543.jpg"},{"@type":"BreadcrumbList","@id":"https:\/\/sacromontegranada.com\/help-me-please-2025\/#breadcrumb","itemListElement":[{"@type":"ListItem","position":1,"name":"Portada","item":"https:\/\/sacromontegranada.com\/"},{"@type":"ListItem","position":2,"name":"Help me please 2025"}]},{"@type":"WebSite","@id":"https:\/\/sacromontegranada.com\/#website","url":"https:\/\/sacromontegranada.com\/","name":"Museo Cuevas del Sacromonte","description":"Museo Cuevas del Sacromonte","publisher":{"@id":"https:\/\/sacromontegranada.com\/#organization"},"potentialAction":[{"@type":"SearchAction","target":{"@type":"EntryPoint","urlTemplate":"https:\/\/sacromontegranada.com\/?s={search_term_string}"},"query-input":{"@type":"PropertyValueSpecification","valueRequired":true,"valueName":"search_term_string"}}],"inLanguage":"en-GB"},{"@type":"Organization","@id":"https:\/\/sacromontegranada.com\/#organization","name":"Museo Cuevas del Sacromonte","url":"https:\/\/sacromontegranada.com\/","logo":{"@type":"ImageObject","inLanguage":"en-GB","@id":"https:\/\/sacromontegranada.com\/#\/schema\/logo\/image\/","url":"https:\/\/sacromontegranada.com\/wp-content\/uploads\/2022\/10\/logo-mcs.png","contentUrl":"https:\/\/sacromontegranada.com\/wp-content\/uploads\/2022\/10\/logo-mcs.png","width":601,"height":159,"caption":"Museo Cuevas del Sacromonte"},"image":{"@id":"https:\/\/sacromontegranada.com\/#\/schema\/logo\/image\/"},"sameAs":["https:\/\/www.facebook.com\/museocuevas.sacromonte","https:\/\/x.com\/museosacromonte"]}]}},"_links":{"self":[{"href":"https:\/\/sacromontegranada.com\/en\/wp-json\/wp\/v2\/pages\/14202","targetHints":{"allow":["GET"]}}],"collection":[{"href":"https:\/\/sacromontegranada.com\/en\/wp-json\/wp\/v2\/pages"}],"about":[{"href":"https:\/\/sacromontegranada.com\/en\/wp-json\/wp\/v2\/types\/page"}],"author":[{"embeddable":true,"href":"https:\/\/sacromontegranada.com\/en\/wp-json\/wp\/v2\/users\/2"}],"replies":[{"embeddable":true,"href":"https:\/\/sacromontegranada.com\/en\/wp-json\/wp\/v2\/comments?post=14202"}],"version-history":[{"count":7,"href":"https:\/\/sacromontegranada.com\/en\/wp-json\/wp\/v2\/pages\/14202\/revisions"}],"predecessor-version":[{"id":14213,"href":"https:\/\/sacromontegranada.com\/en\/wp-json\/wp\/v2\/pages\/14202\/revisions\/14213"}],"wp:attachment":[{"href":"https:\/\/sacromontegranada.com\/en\/wp-json\/wp\/v2\/media?parent=14202"}],"curies":[{"name":"wp","href":"https:\/\/api.w.org\/{rel}","templated":true}]}}