{"id":6163,"date":"2022-11-28T20:36:01","date_gmt":"2022-11-28T20:36:01","guid":{"rendered":"https:\/\/imn.sacromontegranada.com\/?page_id=6163"},"modified":"2022-11-28T21:05:43","modified_gmt":"2022-11-28T21:05:43","slug":"politica-privacidad","status":"publish","type":"page","link":"https:\/\/sacromontegranada.com\/en\/politica-privacidad\/","title":{"rendered":"Pol\u00edtica de Privacidad"},"content":{"rendered":"<div data-elementor-type=\"wp-post\" data-elementor-id=\"6163\" class=\"elementor elementor-6163\" data-elementor-post-type=\"page\">\n\t\t\t\t\t\t<section class=\"elementor-section elementor-top-section elementor-element elementor-element-730764b elementor-section-boxed elementor-section-height-default elementor-section-height-default\" data-id=\"730764b\" data-element_type=\"section\" data-e-type=\"section\">\n\t\t\t\t\t\t<div class=\"elementor-container elementor-column-gap-extended\">\n\t\t\t\t\t<div class=\"elementor-column elementor-col-100 elementor-top-column elementor-element elementor-element-52f638b sc_inner_width_none sc_content_align_inherit sc_layouts_column_icons_position_left\" data-id=\"52f638b\" data-element_type=\"column\" data-e-type=\"column\">\n\t\t\t<div class=\"elementor-widget-wrap elementor-element-populated\">\n\t\t\t\t\t\t<div class=\"elementor-element elementor-element-2e0dfb8 animation_type_block sc_fly_static elementor-widget elementor-widget-spacer\" data-id=\"2e0dfb8\" data-element_type=\"widget\" data-e-type=\"widget\" data-widget_type=\"spacer.default\">\n\t\t\t\t<div class=\"elementor-widget-container\">\n\t\t\t\t\t\t\t<div class=\"elementor-spacer\">\n\t\t\t<div class=\"elementor-spacer-inner\"><\/div>\n\t\t<\/div>\n\t\t\t\t\t\t<\/div>\n\t\t\t\t<\/div>\n\t\t\t\t<div class=\"elementor-element elementor-element-fca7aaf animation_type_block sc_fly_static elementor-widget elementor-widget-text-editor\" data-id=\"fca7aaf\" data-element_type=\"widget\" data-e-type=\"widget\" data-widget_type=\"text-editor.default\">\n\t\t\t\t<div class=\"elementor-widget-container\">\n\t\t\t\t\t\t\t\t\t<h2>Pol\u00edtica de Privacidad<\/h2><p>De acuerdo con la L.O. 15\/1999 y la Ley 34\/2002, el Museo Cuevas del Sacromonte le informa de que los datos personales facilitados de forma voluntaria ser\u00e1n incluidos en un fichero automatizado del propio Museo.<\/p><p>El Museo \u00a0no vende, alquila ni pone a disposici\u00f3n de terceras personas los datos personales proporcionados por los usuarios de la web. Esta informaci\u00f3n no ser\u00e1 utilizada para acciones de marketing directo, a menos que le hayamos informado con antelaci\u00f3n de esta posibilidad y nos haya otorgado consentimiento expreso.<\/p><p>El Museo Cuevas del Sacromonte garantiza los derechos de acceso, rectificaci\u00f3n y cancelaci\u00f3n de los datos, que pueden ser ejercidos por los interesados dirigi\u00e9ndose a su domicilio en c\/ Barranco de los Negros s\/n 18010 Granada.<\/p>\t\t\t\t\t\t\t\t<\/div>\n\t\t\t\t<\/div>\n\t\t\t\t<div class=\"elementor-element elementor-element-2375c97 sc_height_large animation_type_block sc_fly_static elementor-widget elementor-widget-spacer\" data-id=\"2375c97\" data-element_type=\"widget\" data-e-type=\"widget\" data-widget_type=\"spacer.default\">\n\t\t\t\t<div class=\"elementor-widget-container\">\n\t\t\t\t\t\t\t<div class=\"elementor-spacer\">\n\t\t\t<div class=\"elementor-spacer-inner\"><\/div>\n\t\t<\/div>\n\t\t\t\t\t\t<\/div>\n\t\t\t\t<\/div>\n\t\t\t\t\t<\/div>\n\t\t<\/div>\n\t\t\t\t\t<\/div>\n\t\t<\/section>\n\t\t\t\t<\/div>","protected":false},"excerpt":{"rendered":"<p>Pol\u00edtica de Privacidad De acuerdo con la L.O. 15\/1999 y la Ley 34\/2002, el Museo Cuevas del Sacromonte le informa de que los datos personales facilitados de forma voluntaria ser\u00e1n incluidos en un fichero automatizado del propio Museo. El Museo \u00a0no vende, alquila ni pone&hellip;<\/p>","protected":false},"author":1,"featured_media":0,"parent":0,"menu_order":0,"comment_status":"closed","ping_status":"closed","template":"","meta":{"footnotes":""},"class_list":["post-6163","page","type-page","status-publish","hentry"],"yoast_head":"<!-- This site is optimized with the Yoast SEO plugin v27.3 - https:\/\/yoast.com\/product\/yoast-seo-wordpress\/ -->\n<title>Pol\u00edtica de Privacidad - MCS<\/title>\n<meta name=\"robots\" content=\"index, follow, max-snippet:-1, max-image-preview:large, max-video-preview:-1\" \/>\n<link rel=\"canonical\" href=\"https:\/\/sacromontegranada.com\/en\/politica-privacidad\/\" \/>\n<meta property=\"og:locale\" content=\"en_GB\" \/>\n<meta property=\"og:type\" content=\"article\" \/>\n<meta property=\"og:title\" content=\"Pol\u00edtica de Privacidad - MCS\" \/>\n<meta property=\"og:description\" content=\"Pol\u00edtica de Privacidad De acuerdo con la L.O. 15\/1999 y la Ley 34\/2002, el Museo Cuevas del Sacromonte le informa de que los datos personales facilitados de forma voluntaria ser\u00e1n incluidos en un fichero automatizado del propio Museo. El Museo \u00a0no vende, alquila ni pone&hellip;\" \/>\n<meta property=\"og:url\" content=\"https:\/\/sacromontegranada.com\/en\/politica-privacidad\/\" \/>\n<meta property=\"og:site_name\" content=\"MCS\" \/>\n<meta property=\"article:publisher\" content=\"https:\/\/www.facebook.com\/museocuevas.sacromonte\" \/>\n<meta property=\"article:modified_time\" content=\"2022-11-28T21:05:43+00:00\" \/>\n<meta property=\"og:image\" content=\"https:\/\/sacromontegranada.com\/wp-content\/uploads\/revslider\/video-media\/intro-general_6_layer.jpeg\" \/>\n\t<meta property=\"og:image:width\" content=\"1280\" \/>\n\t<meta property=\"og:image:height\" content=\"720\" \/>\n\t<meta property=\"og:image:type\" content=\"image\/jpeg\" \/>\n<meta name=\"twitter:card\" content=\"summary_large_image\" \/>\n<meta name=\"twitter:site\" content=\"@museosacromonte\" \/>\n<meta name=\"twitter:label1\" content=\"Estimated reading time\" \/>\n\t<meta name=\"twitter:data1\" content=\"1 minute\" \/>\n<script type=\"application\/ld+json\" class=\"yoast-schema-graph\">{\"@context\":\"https:\\\/\\\/schema.org\",\"@graph\":[{\"@type\":\"WebPage\",\"@id\":\"https:\\\/\\\/sacromontegranada.com\\\/politica-privacidad\\\/\",\"url\":\"https:\\\/\\\/sacromontegranada.com\\\/politica-privacidad\\\/\",\"name\":\"Pol\u00edtica de Privacidad - MCS\",\"isPartOf\":{\"@id\":\"https:\\\/\\\/sacromontegranada.com\\\/#website\"},\"datePublished\":\"2022-11-28T20:36:01+00:00\",\"dateModified\":\"2022-11-28T21:05:43+00:00\",\"breadcrumb\":{\"@id\":\"https:\\\/\\\/sacromontegranada.com\\\/politica-privacidad\\\/#breadcrumb\"},\"inLanguage\":\"en-GB\",\"potentialAction\":[{\"@type\":\"ReadAction\",\"target\":[\"https:\\\/\\\/sacromontegranada.com\\\/politica-privacidad\\\/\"]}]},{\"@type\":\"BreadcrumbList\",\"@id\":\"https:\\\/\\\/sacromontegranada.com\\\/politica-privacidad\\\/#breadcrumb\",\"itemListElement\":[{\"@type\":\"ListItem\",\"position\":1,\"name\":\"Portada\",\"item\":\"https:\\\/\\\/sacromontegranada.com\\\/\"},{\"@type\":\"ListItem\",\"position\":2,\"name\":\"Pol\u00edtica de Privacidad\"}]},{\"@type\":\"WebSite\",\"@id\":\"https:\\\/\\\/sacromontegranada.com\\\/#website\",\"url\":\"https:\\\/\\\/sacromontegranada.com\\\/\",\"name\":\"Museo Cuevas del Sacromonte\",\"description\":\"Museo Cuevas del Sacromonte\",\"publisher\":{\"@id\":\"https:\\\/\\\/sacromontegranada.com\\\/#organization\"},\"potentialAction\":[{\"@type\":\"SearchAction\",\"target\":{\"@type\":\"EntryPoint\",\"urlTemplate\":\"https:\\\/\\\/sacromontegranada.com\\\/?s={search_term_string}\"},\"query-input\":{\"@type\":\"PropertyValueSpecification\",\"valueRequired\":true,\"valueName\":\"search_term_string\"}}],\"inLanguage\":\"en-GB\"},{\"@type\":\"Organization\",\"@id\":\"https:\\\/\\\/sacromontegranada.com\\\/#organization\",\"name\":\"Museo Cuevas del Sacromonte\",\"url\":\"https:\\\/\\\/sacromontegranada.com\\\/\",\"logo\":{\"@type\":\"ImageObject\",\"inLanguage\":\"en-GB\",\"@id\":\"https:\\\/\\\/sacromontegranada.com\\\/#\\\/schema\\\/logo\\\/image\\\/\",\"url\":\"https:\\\/\\\/sacromontegranada.com\\\/wp-content\\\/uploads\\\/2022\\\/10\\\/logo-mcs.png\",\"contentUrl\":\"https:\\\/\\\/sacromontegranada.com\\\/wp-content\\\/uploads\\\/2022\\\/10\\\/logo-mcs.png\",\"width\":601,\"height\":159,\"caption\":\"Museo Cuevas del Sacromonte\"},\"image\":{\"@id\":\"https:\\\/\\\/sacromontegranada.com\\\/#\\\/schema\\\/logo\\\/image\\\/\"},\"sameAs\":[\"https:\\\/\\\/www.facebook.com\\\/museocuevas.sacromonte\",\"https:\\\/\\\/x.com\\\/museosacromonte\"]}]}<\/script>\n<!-- \/ Yoast SEO plugin. -->","yoast_head_json":{"title":"Pol\u00edtica de Privacidad - MCS","robots":{"index":"index","follow":"follow","max-snippet":"max-snippet:-1","max-image-preview":"max-image-preview:large","max-video-preview":"max-video-preview:-1"},"canonical":"https:\/\/sacromontegranada.com\/en\/politica-privacidad\/","og_locale":"en_GB","og_type":"article","og_title":"Pol\u00edtica de Privacidad - MCS","og_description":"Pol\u00edtica de Privacidad De acuerdo con la L.O. 15\/1999 y la Ley 34\/2002, el Museo Cuevas del Sacromonte le informa de que los datos personales facilitados de forma voluntaria ser\u00e1n incluidos en un fichero automatizado del propio Museo. El Museo \u00a0no vende, alquila ni pone&hellip;","og_url":"https:\/\/sacromontegranada.com\/en\/politica-privacidad\/","og_site_name":"MCS","article_publisher":"https:\/\/www.facebook.com\/museocuevas.sacromonte","article_modified_time":"2022-11-28T21:05:43+00:00","og_image":[{"width":1280,"height":720,"url":"https:\/\/sacromontegranada.com\/wp-content\/uploads\/revslider\/video-media\/intro-general_6_layer.jpeg","type":"image\/jpeg"}],"twitter_card":"summary_large_image","twitter_site":"@museosacromonte","twitter_misc":{"Estimated reading time":"1 minute"},"schema":{"@context":"https:\/\/schema.org","@graph":[{"@type":"WebPage","@id":"https:\/\/sacromontegranada.com\/politica-privacidad\/","url":"https:\/\/sacromontegranada.com\/politica-privacidad\/","name":"Pol\u00edtica de Privacidad - MCS","isPartOf":{"@id":"https:\/\/sacromontegranada.com\/#website"},"datePublished":"2022-11-28T20:36:01+00:00","dateModified":"2022-11-28T21:05:43+00:00","breadcrumb":{"@id":"https:\/\/sacromontegranada.com\/politica-privacidad\/#breadcrumb"},"inLanguage":"en-GB","potentialAction":[{"@type":"ReadAction","target":["https:\/\/sacromontegranada.com\/politica-privacidad\/"]}]},{"@type":"BreadcrumbList","@id":"https:\/\/sacromontegranada.com\/politica-privacidad\/#breadcrumb","itemListElement":[{"@type":"ListItem","position":1,"name":"Portada","item":"https:\/\/sacromontegranada.com\/"},{"@type":"ListItem","position":2,"name":"Pol\u00edtica de Privacidad"}]},{"@type":"WebSite","@id":"https:\/\/sacromontegranada.com\/#website","url":"https:\/\/sacromontegranada.com\/","name":"Museo Cuevas del Sacromonte","description":"Museo Cuevas del Sacromonte","publisher":{"@id":"https:\/\/sacromontegranada.com\/#organization"},"potentialAction":[{"@type":"SearchAction","target":{"@type":"EntryPoint","urlTemplate":"https:\/\/sacromontegranada.com\/?s={search_term_string}"},"query-input":{"@type":"PropertyValueSpecification","valueRequired":true,"valueName":"search_term_string"}}],"inLanguage":"en-GB"},{"@type":"Organization","@id":"https:\/\/sacromontegranada.com\/#organization","name":"Museo Cuevas del Sacromonte","url":"https:\/\/sacromontegranada.com\/","logo":{"@type":"ImageObject","inLanguage":"en-GB","@id":"https:\/\/sacromontegranada.com\/#\/schema\/logo\/image\/","url":"https:\/\/sacromontegranada.com\/wp-content\/uploads\/2022\/10\/logo-mcs.png","contentUrl":"https:\/\/sacromontegranada.com\/wp-content\/uploads\/2022\/10\/logo-mcs.png","width":601,"height":159,"caption":"Museo Cuevas del Sacromonte"},"image":{"@id":"https:\/\/sacromontegranada.com\/#\/schema\/logo\/image\/"},"sameAs":["https:\/\/www.facebook.com\/museocuevas.sacromonte","https:\/\/x.com\/museosacromonte"]}]}},"_links":{"self":[{"href":"https:\/\/sacromontegranada.com\/en\/wp-json\/wp\/v2\/pages\/6163","targetHints":{"allow":["GET"]}}],"collection":[{"href":"https:\/\/sacromontegranada.com\/en\/wp-json\/wp\/v2\/pages"}],"about":[{"href":"https:\/\/sacromontegranada.com\/en\/wp-json\/wp\/v2\/types\/page"}],"author":[{"embeddable":true,"href":"https:\/\/sacromontegranada.com\/en\/wp-json\/wp\/v2\/users\/1"}],"replies":[{"embeddable":true,"href":"https:\/\/sacromontegranada.com\/en\/wp-json\/wp\/v2\/comments?post=6163"}],"version-history":[{"count":10,"href":"https:\/\/sacromontegranada.com\/en\/wp-json\/wp\/v2\/pages\/6163\/revisions"}],"predecessor-version":[{"id":6184,"href":"https:\/\/sacromontegranada.com\/en\/wp-json\/wp\/v2\/pages\/6163\/revisions\/6184"}],"wp:attachment":[{"href":"https:\/\/sacromontegranada.com\/en\/wp-json\/wp\/v2\/media?parent=6163"}],"curies":[{"name":"wp","href":"https:\/\/api.w.org\/{rel}","templated":true}]}}