{"id":6171,"date":"2022-11-28T20:43:46","date_gmt":"2022-11-28T20:43:46","guid":{"rendered":"https:\/\/imn.sacromontegranada.com\/?page_id=6171"},"modified":"2023-02-01T09:22:31","modified_gmt":"2023-02-01T09:22:31","slug":"aviso-legal","status":"publish","type":"page","link":"https:\/\/sacromontegranada.com\/en\/aviso-legal\/","title":{"rendered":"Aviso Legal"},"content":{"rendered":"<div data-elementor-type=\"wp-post\" data-elementor-id=\"6171\" class=\"elementor elementor-6171\" data-elementor-post-type=\"page\">\n\t\t\t\t\t\t<section class=\"elementor-section elementor-top-section elementor-element elementor-element-730764b elementor-section-boxed elementor-section-height-default elementor-section-height-default\" data-id=\"730764b\" data-element_type=\"section\" data-e-type=\"section\">\n\t\t\t\t\t\t<div class=\"elementor-container elementor-column-gap-extended\">\n\t\t\t\t\t<div class=\"elementor-column elementor-col-100 elementor-top-column elementor-element elementor-element-52f638b sc_inner_width_none sc_content_align_inherit sc_layouts_column_icons_position_left\" data-id=\"52f638b\" data-element_type=\"column\" data-e-type=\"column\">\n\t\t\t<div class=\"elementor-widget-wrap elementor-element-populated\">\n\t\t\t\t\t\t<div class=\"elementor-element elementor-element-2e0dfb8 animation_type_block sc_fly_static elementor-widget elementor-widget-spacer\" data-id=\"2e0dfb8\" data-element_type=\"widget\" data-e-type=\"widget\" data-widget_type=\"spacer.default\">\n\t\t\t\t<div class=\"elementor-widget-container\">\n\t\t\t\t\t\t\t<div class=\"elementor-spacer\">\n\t\t\t<div class=\"elementor-spacer-inner\"><\/div>\n\t\t<\/div>\n\t\t\t\t\t\t<\/div>\n\t\t\t\t<\/div>\n\t\t\t\t<div class=\"elementor-element elementor-element-fca7aaf animation_type_block sc_fly_static elementor-widget elementor-widget-text-editor\" data-id=\"fca7aaf\" data-element_type=\"widget\" data-e-type=\"widget\" data-widget_type=\"text-editor.default\">\n\t\t\t\t<div class=\"elementor-widget-container\">\n\t\t\t\t\t\t\t\t\t<h2>Aviso legal<\/h2><h3>Titularidad<\/h3><p>El dominio <em>sacromontegranada.com<\/em> es un dominio en internet de titularidad de la Asociaci\u00f3n Sociocultural Vaiv\u00e9n-Para\u00edso, en adelante el Museo Cuevas del Sacromonte. Sito en Calle Barranco de los Negros s\/n 18010 Tel.: +34 958 21 51 20.<\/p><p>El dise\u00f1o, la estructura de navegaci\u00f3n y la informaci\u00f3n contenida en este portal han sido elaborados por el Museo Cuevas del Sacromonte.<\/p><h3>Propiedad intelectual<\/h3><p>Todos los contenidos del portal, textos, gr\u00e1ficos, im\u00e1genes, su dise\u00f1o y los derechos de propiedad intelectual que pudieran corresponder a dichos contenidos, as\u00ed como todas las marcas, nombres comerciales o cualquier otro signo distintivo son propiedad del Museo o de sus leg\u00edtimos propietarios, quedando reservados todos los derechos sobre los mismos.<\/p><p>Se proh\u00edbe cualquier acto de reproducci\u00f3n total o parcial de los contenidos, en cualquier forma o medio (mec\u00e1nico, electr\u00f3nico, reprogr\u00e1fico o de cualquier otro tipo), as\u00ed como cualquier acto de difusi\u00f3n, comunicaci\u00f3n p\u00fablica o distribuci\u00f3n, sin la previa autorizaci\u00f3n por escrito del Museo Cuevas del Sacromonte o de sus leg\u00edtimos propietarios.<\/p><p>Seg\u00fan lo dispuesto en los art\u00edculos 8 y 32.1, p\u00e1rrafo segundo, de la Ley de Propiedad Intelectual, quedan expresamente prohibidas la reproducci\u00f3n, la distribuci\u00f3n y la comunicaci\u00f3n p\u00fablica, incluida su modalidad de puesta a disposici\u00f3n, de la totalidad o parte de los contenidos de este portal web con fines comerciales, en cualquier soporte y por cualquier medio t\u00e9cnico, sin autorizaci\u00f3n expresa del Museo Cuevas del Sacromonte.<\/p><h3>Acceso a los contenidos<\/h3><p>El acceso al portal de contenidos del Museo Cuevas del Sacromonte y el uso que pueda hacerse de la informaci\u00f3n que contiene son de la exclusiva responsabilidad del usuario. El Museo no se responsabilizar\u00e1 de ninguna consecuencia, da\u00f1o o perjuicio que pudieran derivarse del uso de este sitio web o de sus contenidos, incluidos da\u00f1os inform\u00e1ticos y la introducci\u00f3n de virus, con excepci\u00f3n de todas aquellas actuaciones que resulten de la aplicaci\u00f3n de las disposiciones legales a las que deba someterse el estricto ejercicio de sus competencias.<\/p><p>El Museo Cuevas del Sacromonte no puede garantizar que no exista ning\u00fan error puntual en los contenidos de sus p\u00e1ginas. En caso de existir alguno, el Museo emprender\u00e1 las acciones precisas para evitar errores y repararlos o actualizarlos en el menor tiempo posible.<\/p><p>La informaci\u00f3n que se difunde por este medio se hace \u00fanicamente a t\u00edtulo informativo, reserv\u00e1ndose el Museo Cuevas del Sacromonte el derecho de eliminar o suspender su difusi\u00f3n, de manera total o parcial, y de modificar la estructura y contenido del portal sin aviso previo, pudiendo incluso limitar o no permitir el acceso a dicha informaci\u00f3n. El objetivo es mantener la calidad y actualizaci\u00f3n de esta informaci\u00f3n y evitar y minimizar posibles errores causados por fallos t\u00e9cnicos. No obstante, el Museo no garantiza que este servicio no pueda ser interrumpido o afectado por esos fallos.<\/p><h3>Uso del portal<\/h3><p>La responsabilidad del uso del portal recae en el usuario. Si fuera necesario realizar alg\u00fan tipo de registro para acceder a determinados contenidos del portal, el usuario ser\u00e1 responsable de aportar informaci\u00f3n y datos l\u00edcitos y veraces. En este proceso, al usuario se le proporciona una contrase\u00f1a de la que tendr\u00e1 que hacer un uso diligente y confidencial.<\/p><p>El usuario se compromete a hacer un uso adecuado de los contenidos y servicios conforme a lo expresado a continuaci\u00f3n, no emple\u00e1ndolos para: incurrir en actividades il\u00edcitas, ilegales o contrarias a la buena fe y al orden p\u00fablico; difundir contenidos o propaganda de car\u00e1cter racista, xen\u00f3fobo, pornogr\u00e1fico-ilegal, de apolog\u00eda del terrorismo o atentatorio contra los derechos humanos; provocar da\u00f1os en los sistemas f\u00edsicos y l\u00f3gicos del Museo Cuevas del Sacromonte, de sus proveedores o de terceras personas; introducir o difundir en la red virus inform\u00e1ticos o cualesquiera otros sistemas f\u00edsicos o l\u00f3gicos que sean susceptibles de provocar los da\u00f1os anteriormente mencionados; y\/o intentar acceder y, en su caso, utilizar las cuentas de correo electr\u00f3nico de otros usuarios y modificar o manipular sus mensajes.<\/p><p>El Museo Cuevas del Sacromonte se reserva el derecho de retirar todos aquellos comentarios y aportaciones que vulneren el respeto a la dignidad de la persona, que sean discriminatorios, xen\u00f3fobos, racistas, pornogr\u00e1ficos, que atenten contra la juventud o la infancia, el orden o la seguridad p\u00fablica o que, a su juicio, no resultaran adecuados para su publicaci\u00f3n.<\/p><p>En cualquier caso, el Museo Cuevas del Sacromonte no ser\u00e1 responsable de las opiniones vertidas por los usuarios a trav\u00e9s de los foros u otras herramientas de participaci\u00f3n que pudieran desarrollarse.<\/p><h2>ADVERTENCIA LEGAL<\/h2><h3>Protecci\u00f3n de Datos<\/h3><p>En cumplimiento del Reglamento General de Protecci\u00f3n de Datos (RGPD) la Asociaci\u00f3n Sociocultural Vaiv\u00e9n-Para\u00edso le informa que sus datos de contacto ser\u00e1n tratados seg\u00fan le indicamos en el presente cuadro de Informaci\u00f3n B\u00e1sica de Protecci\u00f3n de Datos:<\/p><h3>Informaci\u00f3n b\u00e1sica sobre Protecci\u00f3n de datos<\/h3><p><strong>RESPONSABLE<\/strong>: Asociaci\u00f3n Sociocultural Vaiv\u00e9n-Para\u00edso. NIF: G18493031.<\/p><p><strong>FINALIDAD<\/strong>: Informar a los interesados sobre actividades realizadas.<\/p><p><strong>LEGITIMACI\u00d3N<\/strong>: Consentimiento del interesado.<\/p><p><strong>DESTINATARIOS<\/strong>: Interesados en recibir informaci\u00f3n referente a nuestras actividades.<\/p><p><strong>CONSERVACI\u00d3N<\/strong>: Sus datos se conservar\u00e1n hasta el fin de la prestaci\u00f3n del servicio, y una vez finalizado, hasta que se solicite su supresi\u00f3n por parte del interesado.<\/p><p><strong>DERECHOS<\/strong>: Acceder, rectificar y suprimir los datos, as\u00ed como otros derechos, como se explica en la informaci\u00f3n adicional.<\/p><p><strong>INFORMACI\u00d3N ADICIONAL<\/strong>: Puede consultar informaci\u00f3n adicional y detallada sobre Protecci\u00f3n de Datos en nuestra p\u00e1gina web: https:\/\/www.sacromontegranada.com.<\/p><p>Si este mensaje contuviera informaci\u00f3n comercial sobre nuestros servicios y no desea seguir recibiendo los mismos, puede cancelar la recepci\u00f3n \u00e9stos contestando a la direcci\u00f3n indicada con el asunto \u201cBorrar\u201d, en virtud del art. 22.2 de la Ley 34\/2002 de Servicios de la Sociedad de la Informaci\u00f3n y Comercio Electr\u00f3nico, o en la opci\u00f3n autom\u00e1tica \u201cUnsuscribe\u201d.<\/p>\t\t\t\t\t\t\t\t<\/div>\n\t\t\t\t<\/div>\n\t\t\t\t<div class=\"elementor-element elementor-element-2375c97 sc_height_large animation_type_block sc_fly_static elementor-widget elementor-widget-spacer\" data-id=\"2375c97\" data-element_type=\"widget\" data-e-type=\"widget\" data-widget_type=\"spacer.default\">\n\t\t\t\t<div class=\"elementor-widget-container\">\n\t\t\t\t\t\t\t<div class=\"elementor-spacer\">\n\t\t\t<div class=\"elementor-spacer-inner\"><\/div>\n\t\t<\/div>\n\t\t\t\t\t\t<\/div>\n\t\t\t\t<\/div>\n\t\t\t\t\t<\/div>\n\t\t<\/div>\n\t\t\t\t\t<\/div>\n\t\t<\/section>\n\t\t\t\t<\/div>","protected":false},"excerpt":{"rendered":"<p>Aviso legal Titularidad El dominio sacromontegranada.com es un dominio en internet de titularidad de la Asociaci\u00f3n Sociocultural Vaiv\u00e9n-Para\u00edso, en adelante el Museo Cuevas del Sacromonte. Sito en Calle Barranco de los Negros s\/n 18010 Tel.: +34 958 21 51 20. El dise\u00f1o, la estructura de&hellip;<\/p>","protected":false},"author":1,"featured_media":0,"parent":0,"menu_order":0,"comment_status":"closed","ping_status":"closed","template":"","meta":{"footnotes":""},"class_list":["post-6171","page","type-page","status-publish","hentry"],"yoast_head":"<!-- This site is optimized with the Yoast SEO plugin v27.3 - https:\/\/yoast.com\/product\/yoast-seo-wordpress\/ -->\n<title>Aviso Legal - MCS<\/title>\n<meta name=\"robots\" content=\"index, follow, max-snippet:-1, max-image-preview:large, max-video-preview:-1\" \/>\n<link rel=\"canonical\" href=\"https:\/\/sacromontegranada.com\/en\/aviso-legal\/\" \/>\n<meta property=\"og:locale\" content=\"en_GB\" \/>\n<meta property=\"og:type\" content=\"article\" \/>\n<meta property=\"og:title\" content=\"Aviso Legal - MCS\" \/>\n<meta property=\"og:description\" content=\"Aviso legal Titularidad El dominio sacromontegranada.com es un dominio en internet de titularidad de la Asociaci\u00f3n Sociocultural Vaiv\u00e9n-Para\u00edso, en adelante el Museo Cuevas del Sacromonte. Sito en Calle Barranco de los Negros s\/n 18010 Tel.: +34 958 21 51 20. El dise\u00f1o, la estructura de&hellip;\" \/>\n<meta property=\"og:url\" content=\"https:\/\/sacromontegranada.com\/en\/aviso-legal\/\" \/>\n<meta property=\"og:site_name\" content=\"MCS\" \/>\n<meta property=\"article:publisher\" content=\"https:\/\/www.facebook.com\/museocuevas.sacromonte\" \/>\n<meta property=\"article:modified_time\" content=\"2023-02-01T09:22:31+00:00\" \/>\n<meta property=\"og:image\" content=\"https:\/\/sacromontegranada.com\/wp-content\/uploads\/revslider\/video-media\/intro-general_6_layer.jpeg\" \/>\n\t<meta property=\"og:image:width\" content=\"1280\" \/>\n\t<meta property=\"og:image:height\" content=\"720\" \/>\n\t<meta property=\"og:image:type\" content=\"image\/jpeg\" \/>\n<meta name=\"twitter:card\" content=\"summary_large_image\" \/>\n<meta name=\"twitter:site\" content=\"@museosacromonte\" \/>\n<meta name=\"twitter:label1\" content=\"Estimated reading time\" \/>\n\t<meta name=\"twitter:data1\" content=\"5 minutes\" \/>\n<script type=\"application\/ld+json\" class=\"yoast-schema-graph\">{\"@context\":\"https:\\\/\\\/schema.org\",\"@graph\":[{\"@type\":\"WebPage\",\"@id\":\"https:\\\/\\\/sacromontegranada.com\\\/aviso-legal\\\/\",\"url\":\"https:\\\/\\\/sacromontegranada.com\\\/aviso-legal\\\/\",\"name\":\"Aviso Legal - MCS\",\"isPartOf\":{\"@id\":\"https:\\\/\\\/sacromontegranada.com\\\/#website\"},\"datePublished\":\"2022-11-28T20:43:46+00:00\",\"dateModified\":\"2023-02-01T09:22:31+00:00\",\"breadcrumb\":{\"@id\":\"https:\\\/\\\/sacromontegranada.com\\\/aviso-legal\\\/#breadcrumb\"},\"inLanguage\":\"en-GB\",\"potentialAction\":[{\"@type\":\"ReadAction\",\"target\":[\"https:\\\/\\\/sacromontegranada.com\\\/aviso-legal\\\/\"]}]},{\"@type\":\"BreadcrumbList\",\"@id\":\"https:\\\/\\\/sacromontegranada.com\\\/aviso-legal\\\/#breadcrumb\",\"itemListElement\":[{\"@type\":\"ListItem\",\"position\":1,\"name\":\"Portada\",\"item\":\"https:\\\/\\\/sacromontegranada.com\\\/\"},{\"@type\":\"ListItem\",\"position\":2,\"name\":\"Aviso Legal\"}]},{\"@type\":\"WebSite\",\"@id\":\"https:\\\/\\\/sacromontegranada.com\\\/#website\",\"url\":\"https:\\\/\\\/sacromontegranada.com\\\/\",\"name\":\"Museo Cuevas del Sacromonte\",\"description\":\"Museo Cuevas del Sacromonte\",\"publisher\":{\"@id\":\"https:\\\/\\\/sacromontegranada.com\\\/#organization\"},\"potentialAction\":[{\"@type\":\"SearchAction\",\"target\":{\"@type\":\"EntryPoint\",\"urlTemplate\":\"https:\\\/\\\/sacromontegranada.com\\\/?s={search_term_string}\"},\"query-input\":{\"@type\":\"PropertyValueSpecification\",\"valueRequired\":true,\"valueName\":\"search_term_string\"}}],\"inLanguage\":\"en-GB\"},{\"@type\":\"Organization\",\"@id\":\"https:\\\/\\\/sacromontegranada.com\\\/#organization\",\"name\":\"Museo Cuevas del Sacromonte\",\"url\":\"https:\\\/\\\/sacromontegranada.com\\\/\",\"logo\":{\"@type\":\"ImageObject\",\"inLanguage\":\"en-GB\",\"@id\":\"https:\\\/\\\/sacromontegranada.com\\\/#\\\/schema\\\/logo\\\/image\\\/\",\"url\":\"https:\\\/\\\/sacromontegranada.com\\\/wp-content\\\/uploads\\\/2022\\\/10\\\/logo-mcs.png\",\"contentUrl\":\"https:\\\/\\\/sacromontegranada.com\\\/wp-content\\\/uploads\\\/2022\\\/10\\\/logo-mcs.png\",\"width\":601,\"height\":159,\"caption\":\"Museo Cuevas del Sacromonte\"},\"image\":{\"@id\":\"https:\\\/\\\/sacromontegranada.com\\\/#\\\/schema\\\/logo\\\/image\\\/\"},\"sameAs\":[\"https:\\\/\\\/www.facebook.com\\\/museocuevas.sacromonte\",\"https:\\\/\\\/x.com\\\/museosacromonte\"]}]}<\/script>\n<!-- \/ Yoast SEO plugin. -->","yoast_head_json":{"title":"Aviso Legal - MCS","robots":{"index":"index","follow":"follow","max-snippet":"max-snippet:-1","max-image-preview":"max-image-preview:large","max-video-preview":"max-video-preview:-1"},"canonical":"https:\/\/sacromontegranada.com\/en\/aviso-legal\/","og_locale":"en_GB","og_type":"article","og_title":"Aviso Legal - MCS","og_description":"Aviso legal Titularidad El dominio sacromontegranada.com es un dominio en internet de titularidad de la Asociaci\u00f3n Sociocultural Vaiv\u00e9n-Para\u00edso, en adelante el Museo Cuevas del Sacromonte. Sito en Calle Barranco de los Negros s\/n 18010 Tel.: +34 958 21 51 20. El dise\u00f1o, la estructura de&hellip;","og_url":"https:\/\/sacromontegranada.com\/en\/aviso-legal\/","og_site_name":"MCS","article_publisher":"https:\/\/www.facebook.com\/museocuevas.sacromonte","article_modified_time":"2023-02-01T09:22:31+00:00","og_image":[{"width":1280,"height":720,"url":"https:\/\/sacromontegranada.com\/wp-content\/uploads\/revslider\/video-media\/intro-general_6_layer.jpeg","type":"image\/jpeg"}],"twitter_card":"summary_large_image","twitter_site":"@museosacromonte","twitter_misc":{"Estimated reading time":"5 minutes"},"schema":{"@context":"https:\/\/schema.org","@graph":[{"@type":"WebPage","@id":"https:\/\/sacromontegranada.com\/aviso-legal\/","url":"https:\/\/sacromontegranada.com\/aviso-legal\/","name":"Aviso Legal - MCS","isPartOf":{"@id":"https:\/\/sacromontegranada.com\/#website"},"datePublished":"2022-11-28T20:43:46+00:00","dateModified":"2023-02-01T09:22:31+00:00","breadcrumb":{"@id":"https:\/\/sacromontegranada.com\/aviso-legal\/#breadcrumb"},"inLanguage":"en-GB","potentialAction":[{"@type":"ReadAction","target":["https:\/\/sacromontegranada.com\/aviso-legal\/"]}]},{"@type":"BreadcrumbList","@id":"https:\/\/sacromontegranada.com\/aviso-legal\/#breadcrumb","itemListElement":[{"@type":"ListItem","position":1,"name":"Portada","item":"https:\/\/sacromontegranada.com\/"},{"@type":"ListItem","position":2,"name":"Aviso Legal"}]},{"@type":"WebSite","@id":"https:\/\/sacromontegranada.com\/#website","url":"https:\/\/sacromontegranada.com\/","name":"Museo Cuevas del Sacromonte","description":"Museo Cuevas del Sacromonte","publisher":{"@id":"https:\/\/sacromontegranada.com\/#organization"},"potentialAction":[{"@type":"SearchAction","target":{"@type":"EntryPoint","urlTemplate":"https:\/\/sacromontegranada.com\/?s={search_term_string}"},"query-input":{"@type":"PropertyValueSpecification","valueRequired":true,"valueName":"search_term_string"}}],"inLanguage":"en-GB"},{"@type":"Organization","@id":"https:\/\/sacromontegranada.com\/#organization","name":"Museo Cuevas del Sacromonte","url":"https:\/\/sacromontegranada.com\/","logo":{"@type":"ImageObject","inLanguage":"en-GB","@id":"https:\/\/sacromontegranada.com\/#\/schema\/logo\/image\/","url":"https:\/\/sacromontegranada.com\/wp-content\/uploads\/2022\/10\/logo-mcs.png","contentUrl":"https:\/\/sacromontegranada.com\/wp-content\/uploads\/2022\/10\/logo-mcs.png","width":601,"height":159,"caption":"Museo Cuevas del Sacromonte"},"image":{"@id":"https:\/\/sacromontegranada.com\/#\/schema\/logo\/image\/"},"sameAs":["https:\/\/www.facebook.com\/museocuevas.sacromonte","https:\/\/x.com\/museosacromonte"]}]}},"_links":{"self":[{"href":"https:\/\/sacromontegranada.com\/en\/wp-json\/wp\/v2\/pages\/6171","targetHints":{"allow":["GET"]}}],"collection":[{"href":"https:\/\/sacromontegranada.com\/en\/wp-json\/wp\/v2\/pages"}],"about":[{"href":"https:\/\/sacromontegranada.com\/en\/wp-json\/wp\/v2\/types\/page"}],"author":[{"embeddable":true,"href":"https:\/\/sacromontegranada.com\/en\/wp-json\/wp\/v2\/users\/1"}],"replies":[{"embeddable":true,"href":"https:\/\/sacromontegranada.com\/en\/wp-json\/wp\/v2\/comments?post=6171"}],"version-history":[{"count":20,"href":"https:\/\/sacromontegranada.com\/en\/wp-json\/wp\/v2\/pages\/6171\/revisions"}],"predecessor-version":[{"id":7160,"href":"https:\/\/sacromontegranada.com\/en\/wp-json\/wp\/v2\/pages\/6171\/revisions\/7160"}],"wp:attachment":[{"href":"https:\/\/sacromontegranada.com\/en\/wp-json\/wp\/v2\/media?parent=6171"}],"curies":[{"name":"wp","href":"https:\/\/api.w.org\/{rel}","templated":true}]}}