{"id":6886,"date":"2023-02-01T13:21:52","date_gmt":"2023-02-01T13:21:52","guid":{"rendered":"https:\/\/imn.sacromontegranada.com\/?page_id=6886"},"modified":"2023-02-01T13:24:41","modified_gmt":"2023-02-01T13:24:41","slug":"feder","status":"publish","type":"page","link":"https:\/\/sacromontegranada.com\/en\/feder\/","title":{"rendered":"FEDER"},"content":{"rendered":"<div data-elementor-type=\"wp-post\" data-elementor-id=\"6886\" class=\"elementor elementor-6886\" data-elementor-post-type=\"page\">\n\t\t\t\t\t\t<section class=\"elementor-section elementor-top-section elementor-element elementor-element-730764b elementor-section-boxed elementor-section-height-default elementor-section-height-default\" data-id=\"730764b\" data-element_type=\"section\" data-e-type=\"section\">\n\t\t\t\t\t\t<div class=\"elementor-container elementor-column-gap-extended\">\n\t\t\t\t\t<div class=\"elementor-column elementor-col-100 elementor-top-column elementor-element elementor-element-52f638b sc_inner_width_none sc_content_align_inherit sc_layouts_column_icons_position_left\" data-id=\"52f638b\" data-element_type=\"column\" data-e-type=\"column\">\n\t\t\t<div class=\"elementor-widget-wrap elementor-element-populated\">\n\t\t\t\t\t\t<div class=\"elementor-element elementor-element-2e0dfb8 animation_type_block sc_fly_static elementor-widget elementor-widget-spacer\" data-id=\"2e0dfb8\" data-element_type=\"widget\" data-e-type=\"widget\" data-widget_type=\"spacer.default\">\n\t\t\t\t<div class=\"elementor-widget-container\">\n\t\t\t\t\t\t\t<div class=\"elementor-spacer\">\n\t\t\t<div class=\"elementor-spacer-inner\"><\/div>\n\t\t<\/div>\n\t\t\t\t\t\t<\/div>\n\t\t\t\t<\/div>\n\t\t\t\t<div class=\"elementor-element elementor-element-fca7aaf animation_type_block sc_fly_static elementor-widget elementor-widget-text-editor\" data-id=\"fca7aaf\" data-element_type=\"widget\" data-e-type=\"widget\" data-widget_type=\"text-editor.default\">\n\t\t\t\t<div class=\"elementor-widget-container\">\n\t\t\t\t\t\t\t\t\t<h2>FEDER<\/h2><h3><strong>Proyecto digital cofinanciado por el Fondo Europeo de Desarrollo Regional FEDER<\/strong><\/h3><p><strong>Conserjer\u00eda de Empleo, Formaci\u00f3n, Trabajo Aut\u00f3nomo, Transformaci\u00f3n Econ\u00f3mica, Industria, Conocimiento y Universidades<\/strong><\/p><p><strong>Orden de 15 de octubre de 2021<\/strong><\/p><p>Subvenci\u00f3n en r\u00e9gimen de concurrencia no competitiva destinadas a la modernizaci\u00f3n digital y la mejora de la competitividad de las personas trabajadoras por cuenta propia o aut\u00f3nomas, personas trabajadoras por cuenta propia agrarias, personas mutualistas y diversas entidades de econom\u00eda social.<\/p><p>Cofinanciadas por la Uni\u00f3n Europea a trav\u00e9s del Fondo Europeo de Desarrollo Regional<\/p><p>Programa Operativo Regional de Andaluc\u00eda FEDER 2014-2020:<\/p><p>L\u00ednea 2: 1000178069G\/72C\/77807 \/18 &#8211; A1221082E7 2021000976<\/p>\t\t\t\t\t\t\t\t<\/div>\n\t\t\t\t<\/div>\n\t\t\t\t<div class=\"elementor-element elementor-element-2375c97 sc_height_large animation_type_block sc_fly_static elementor-widget elementor-widget-spacer\" data-id=\"2375c97\" data-element_type=\"widget\" data-e-type=\"widget\" data-widget_type=\"spacer.default\">\n\t\t\t\t<div class=\"elementor-widget-container\">\n\t\t\t\t\t\t\t<div class=\"elementor-spacer\">\n\t\t\t<div class=\"elementor-spacer-inner\"><\/div>\n\t\t<\/div>\n\t\t\t\t\t\t<\/div>\n\t\t\t\t<\/div>\n\t\t\t\t\t<\/div>\n\t\t<\/div>\n\t\t\t\t\t<\/div>\n\t\t<\/section>\n\t\t\t\t<\/div>","protected":false},"excerpt":{"rendered":"<p>FEDER Proyecto digital cofinanciado por el Fondo Europeo de Desarrollo Regional FEDER Conserjer\u00eda de Empleo, Formaci\u00f3n, Trabajo Aut\u00f3nomo, Transformaci\u00f3n Econ\u00f3mica, Industria, Conocimiento y Universidades Orden de 15 de octubre de 2021 Subvenci\u00f3n en r\u00e9gimen de concurrencia no competitiva destinadas a la modernizaci\u00f3n digital y la&hellip;<\/p>","protected":false},"author":1,"featured_media":0,"parent":0,"menu_order":0,"comment_status":"closed","ping_status":"closed","template":"","meta":{"footnotes":""},"class_list":["post-6886","page","type-page","status-publish","hentry"],"yoast_head":"<!-- This site is optimized with the Yoast SEO plugin v27.3 - https:\/\/yoast.com\/product\/yoast-seo-wordpress\/ -->\n<title>FEDER - MCS<\/title>\n<meta name=\"robots\" content=\"index, follow, max-snippet:-1, max-image-preview:large, max-video-preview:-1\" \/>\n<link rel=\"canonical\" href=\"https:\/\/sacromontegranada.com\/en\/feder\/\" \/>\n<meta property=\"og:locale\" content=\"en_GB\" \/>\n<meta property=\"og:type\" content=\"article\" \/>\n<meta property=\"og:title\" content=\"FEDER - MCS\" \/>\n<meta property=\"og:description\" content=\"FEDER Proyecto digital cofinanciado por el Fondo Europeo de Desarrollo Regional FEDER Conserjer\u00eda de Empleo, Formaci\u00f3n, Trabajo Aut\u00f3nomo, Transformaci\u00f3n Econ\u00f3mica, Industria, Conocimiento y Universidades Orden de 15 de octubre de 2021 Subvenci\u00f3n en r\u00e9gimen de concurrencia no competitiva destinadas a la modernizaci\u00f3n digital y la&hellip;\" \/>\n<meta property=\"og:url\" content=\"https:\/\/sacromontegranada.com\/en\/feder\/\" \/>\n<meta property=\"og:site_name\" content=\"MCS\" \/>\n<meta property=\"article:publisher\" content=\"https:\/\/www.facebook.com\/museocuevas.sacromonte\" \/>\n<meta property=\"article:modified_time\" content=\"2023-02-01T13:24:41+00:00\" \/>\n<meta property=\"og:image\" content=\"https:\/\/sacromontegranada.com\/wp-content\/uploads\/revslider\/video-media\/intro-general_6_layer.jpeg\" \/>\n\t<meta property=\"og:image:width\" content=\"1280\" \/>\n\t<meta property=\"og:image:height\" content=\"720\" \/>\n\t<meta property=\"og:image:type\" content=\"image\/jpeg\" \/>\n<meta name=\"twitter:card\" content=\"summary_large_image\" \/>\n<meta name=\"twitter:site\" content=\"@museosacromonte\" \/>\n<meta name=\"twitter:label1\" content=\"Estimated reading time\" \/>\n\t<meta name=\"twitter:data1\" content=\"1 minute\" \/>\n<script type=\"application\/ld+json\" class=\"yoast-schema-graph\">{\"@context\":\"https:\\\/\\\/schema.org\",\"@graph\":[{\"@type\":\"WebPage\",\"@id\":\"https:\\\/\\\/sacromontegranada.com\\\/feder\\\/\",\"url\":\"https:\\\/\\\/sacromontegranada.com\\\/feder\\\/\",\"name\":\"FEDER - MCS\",\"isPartOf\":{\"@id\":\"https:\\\/\\\/sacromontegranada.com\\\/#website\"},\"datePublished\":\"2023-02-01T13:21:52+00:00\",\"dateModified\":\"2023-02-01T13:24:41+00:00\",\"breadcrumb\":{\"@id\":\"https:\\\/\\\/sacromontegranada.com\\\/feder\\\/#breadcrumb\"},\"inLanguage\":\"en-GB\",\"potentialAction\":[{\"@type\":\"ReadAction\",\"target\":[\"https:\\\/\\\/sacromontegranada.com\\\/feder\\\/\"]}]},{\"@type\":\"BreadcrumbList\",\"@id\":\"https:\\\/\\\/sacromontegranada.com\\\/feder\\\/#breadcrumb\",\"itemListElement\":[{\"@type\":\"ListItem\",\"position\":1,\"name\":\"Portada\",\"item\":\"https:\\\/\\\/sacromontegranada.com\\\/\"},{\"@type\":\"ListItem\",\"position\":2,\"name\":\"FEDER\"}]},{\"@type\":\"WebSite\",\"@id\":\"https:\\\/\\\/sacromontegranada.com\\\/#website\",\"url\":\"https:\\\/\\\/sacromontegranada.com\\\/\",\"name\":\"Museo Cuevas del Sacromonte\",\"description\":\"Museo Cuevas del Sacromonte\",\"publisher\":{\"@id\":\"https:\\\/\\\/sacromontegranada.com\\\/#organization\"},\"potentialAction\":[{\"@type\":\"SearchAction\",\"target\":{\"@type\":\"EntryPoint\",\"urlTemplate\":\"https:\\\/\\\/sacromontegranada.com\\\/?s={search_term_string}\"},\"query-input\":{\"@type\":\"PropertyValueSpecification\",\"valueRequired\":true,\"valueName\":\"search_term_string\"}}],\"inLanguage\":\"en-GB\"},{\"@type\":\"Organization\",\"@id\":\"https:\\\/\\\/sacromontegranada.com\\\/#organization\",\"name\":\"Museo Cuevas del Sacromonte\",\"url\":\"https:\\\/\\\/sacromontegranada.com\\\/\",\"logo\":{\"@type\":\"ImageObject\",\"inLanguage\":\"en-GB\",\"@id\":\"https:\\\/\\\/sacromontegranada.com\\\/#\\\/schema\\\/logo\\\/image\\\/\",\"url\":\"https:\\\/\\\/sacromontegranada.com\\\/wp-content\\\/uploads\\\/2022\\\/10\\\/logo-mcs.png\",\"contentUrl\":\"https:\\\/\\\/sacromontegranada.com\\\/wp-content\\\/uploads\\\/2022\\\/10\\\/logo-mcs.png\",\"width\":601,\"height\":159,\"caption\":\"Museo Cuevas del Sacromonte\"},\"image\":{\"@id\":\"https:\\\/\\\/sacromontegranada.com\\\/#\\\/schema\\\/logo\\\/image\\\/\"},\"sameAs\":[\"https:\\\/\\\/www.facebook.com\\\/museocuevas.sacromonte\",\"https:\\\/\\\/x.com\\\/museosacromonte\"]}]}<\/script>\n<!-- \/ Yoast SEO plugin. -->","yoast_head_json":{"title":"FEDER - MCS","robots":{"index":"index","follow":"follow","max-snippet":"max-snippet:-1","max-image-preview":"max-image-preview:large","max-video-preview":"max-video-preview:-1"},"canonical":"https:\/\/sacromontegranada.com\/en\/feder\/","og_locale":"en_GB","og_type":"article","og_title":"FEDER - MCS","og_description":"FEDER Proyecto digital cofinanciado por el Fondo Europeo de Desarrollo Regional FEDER Conserjer\u00eda de Empleo, Formaci\u00f3n, Trabajo Aut\u00f3nomo, Transformaci\u00f3n Econ\u00f3mica, Industria, Conocimiento y Universidades Orden de 15 de octubre de 2021 Subvenci\u00f3n en r\u00e9gimen de concurrencia no competitiva destinadas a la modernizaci\u00f3n digital y la&hellip;","og_url":"https:\/\/sacromontegranada.com\/en\/feder\/","og_site_name":"MCS","article_publisher":"https:\/\/www.facebook.com\/museocuevas.sacromonte","article_modified_time":"2023-02-01T13:24:41+00:00","og_image":[{"width":1280,"height":720,"url":"https:\/\/sacromontegranada.com\/wp-content\/uploads\/revslider\/video-media\/intro-general_6_layer.jpeg","type":"image\/jpeg"}],"twitter_card":"summary_large_image","twitter_site":"@museosacromonte","twitter_misc":{"Estimated reading time":"1 minute"},"schema":{"@context":"https:\/\/schema.org","@graph":[{"@type":"WebPage","@id":"https:\/\/sacromontegranada.com\/feder\/","url":"https:\/\/sacromontegranada.com\/feder\/","name":"FEDER - MCS","isPartOf":{"@id":"https:\/\/sacromontegranada.com\/#website"},"datePublished":"2023-02-01T13:21:52+00:00","dateModified":"2023-02-01T13:24:41+00:00","breadcrumb":{"@id":"https:\/\/sacromontegranada.com\/feder\/#breadcrumb"},"inLanguage":"en-GB","potentialAction":[{"@type":"ReadAction","target":["https:\/\/sacromontegranada.com\/feder\/"]}]},{"@type":"BreadcrumbList","@id":"https:\/\/sacromontegranada.com\/feder\/#breadcrumb","itemListElement":[{"@type":"ListItem","position":1,"name":"Portada","item":"https:\/\/sacromontegranada.com\/"},{"@type":"ListItem","position":2,"name":"FEDER"}]},{"@type":"WebSite","@id":"https:\/\/sacromontegranada.com\/#website","url":"https:\/\/sacromontegranada.com\/","name":"Museo Cuevas del Sacromonte","description":"Museo Cuevas del Sacromonte","publisher":{"@id":"https:\/\/sacromontegranada.com\/#organization"},"potentialAction":[{"@type":"SearchAction","target":{"@type":"EntryPoint","urlTemplate":"https:\/\/sacromontegranada.com\/?s={search_term_string}"},"query-input":{"@type":"PropertyValueSpecification","valueRequired":true,"valueName":"search_term_string"}}],"inLanguage":"en-GB"},{"@type":"Organization","@id":"https:\/\/sacromontegranada.com\/#organization","name":"Museo Cuevas del Sacromonte","url":"https:\/\/sacromontegranada.com\/","logo":{"@type":"ImageObject","inLanguage":"en-GB","@id":"https:\/\/sacromontegranada.com\/#\/schema\/logo\/image\/","url":"https:\/\/sacromontegranada.com\/wp-content\/uploads\/2022\/10\/logo-mcs.png","contentUrl":"https:\/\/sacromontegranada.com\/wp-content\/uploads\/2022\/10\/logo-mcs.png","width":601,"height":159,"caption":"Museo Cuevas del Sacromonte"},"image":{"@id":"https:\/\/sacromontegranada.com\/#\/schema\/logo\/image\/"},"sameAs":["https:\/\/www.facebook.com\/museocuevas.sacromonte","https:\/\/x.com\/museosacromonte"]}]}},"_links":{"self":[{"href":"https:\/\/sacromontegranada.com\/en\/wp-json\/wp\/v2\/pages\/6886","targetHints":{"allow":["GET"]}}],"collection":[{"href":"https:\/\/sacromontegranada.com\/en\/wp-json\/wp\/v2\/pages"}],"about":[{"href":"https:\/\/sacromontegranada.com\/en\/wp-json\/wp\/v2\/types\/page"}],"author":[{"embeddable":true,"href":"https:\/\/sacromontegranada.com\/en\/wp-json\/wp\/v2\/users\/1"}],"replies":[{"embeddable":true,"href":"https:\/\/sacromontegranada.com\/en\/wp-json\/wp\/v2\/comments?post=6886"}],"version-history":[{"count":4,"href":"https:\/\/sacromontegranada.com\/en\/wp-json\/wp\/v2\/pages\/6886\/revisions"}],"predecessor-version":[{"id":6890,"href":"https:\/\/sacromontegranada.com\/en\/wp-json\/wp\/v2\/pages\/6886\/revisions\/6890"}],"wp:attachment":[{"href":"https:\/\/sacromontegranada.com\/en\/wp-json\/wp\/v2\/media?parent=6886"}],"curies":[{"name":"wp","href":"https:\/\/api.w.org\/{rel}","templated":true}]}}